{"id":5742,"date":"2020-02-10T02:12:39","date_gmt":"2020-02-09T23:12:39","guid":{"rendered":"https:\/\/extur.by\/?page_id=5742"},"modified":"2020-02-19T21:23:39","modified_gmt":"2020-02-19T18:23:39","slug":"sanatorium-porecze","status":"publish","type":"page","link":"https:\/\/www.extur.by\/pl\/medyczne-turystyka\/sanatoria\/sanatorium-porecze\/","title":{"rendered":"Sanatorium PORECZE"},"content":{"rendered":"<p>[vc_row][vc_column][vc_empty_space][\/vc_column][\/vc_row][vc_row][vc_column width=&#8221;1\/2&#8243;][vc_images_carousel images=&#8221;5883,5879,5875,5871,5867,5863,5859,5855,5851,5847,5843,5839,5835,5831,5827,5819,5815,5811,5807,5803,5799,5795,5791,5787,5783,5779,5775,5771,5767,5763,5759,5755,5751,5747&#8243; img_size=&#8221;full&#8221; wrap=&#8221;yes&#8221;][\/vc_column][vc_column width=&#8221;1\/2&#8243;][vc_column_text]<\/p>\n<h2 style=\"text-align: center;\">Sanatorium PORECZE<\/h2>\n<h4 style=\"text-align: center;\"><span class=\"NormalTextRun SCXW197004127 BCX0\">Odleg\u0142o\u015b\u0107 od Grodna 36 km\u00a0<\/span><\/h4>\n<p style=\"text-align: center;\"><i class=\"fa fa-phone\"><\/i> <a href=\"tel:+375297821472\">+375 29 782 14 72<\/a><br \/>\n<i class=\"fa fa-phone\"><\/i> <a href=\"tel:+375445741472\">+375 44 574 14 72<\/a> (<i class=\"fab fa-viber\"><\/i> <i class=\"fab fa-whatsapp\"><\/i>)<br \/>\n<i class=\"fa fa-phone\"><\/i> <a href=\"tel:+375333518772\">+375 33 351 87 72<\/a> (<i class=\"fab fa-viber\"><\/i> <i class=\"fab fa-whatsapp\"><\/i>)<\/p>\n<p>[\/vc_column_text][tm_contact_form_7 id=&#8221;4246&#8243;][\/vc_column][\/vc_row][vc_row][vc_column][tm_heading custom_google_font=&#8221;&#8221; text=&#8221;Sanatorium PORECZE&#8221; typed_list=&#8221;%5B%7B%7D%5D&#8221;][vc_separator][vc_column_text]To wspania\u0142e miejsce dla odpoczynku i leczenia rodzinnego przez ca\u0142y rok! O\u015brodek ma \u0142agodny, umiarkowany klimat, jest otoczony iglastymi i li\u015bciastymi lasami pe\u0142nymi grzyb\u00f3w i pi\u0119knych jezior.<br \/>\nSanatorium \u201cPorzecze\u201d jest przeznaczony do rozmieszczenia 300 os\u00f3b. Posiadamy miejsca noclegowe w pokojach jednoosobowych, dwuosobowych, dwupokojowych. W g\u0142\u00f3wnym budynku sanatorium znajduje si\u0119 dwie eleganckie jadalnie na 320 miejsc. Organizujemy pi\u0119\u0107 posi\u0142k\u00f3w. W naszej jadalni znajd\u0105 Pa\u0144stwo smaczne dania tradycyjnej kuchni domowej. Ponadto proponujemy 4 diety, kt\u00f3re przygotujemy r\u00f3wnie\u017c na pa\u0144stwa \u017cyczenie. Przeprowadzane s\u0105 kulinarne wystawy- jarmarki.<\/p>\n<p><strong>ZAKWATEROWANIE:<\/strong><br \/>\nS\u0105 tu dwupi\u0119trowe pawilony mieszkalne z komfortowym wyposa\u017coniem jedno \u2013 i dwuosobowych pokoi, apartamenty luksusowe. W ka\u017cdym z pokoi jest \u0142azienka, WC, telewizor (TV- SAT), lod\u00f3wka i telefon.<\/p>\n<p><strong>OBS\u0141UGIWANE SCHORZENIA:<\/strong><br \/>\n&#8211; choroby uk\u0142adu trawiennego<br \/>\n&#8211; choroby uk\u0142adu kostno- mi\u0119\u015bniowego, tkanki \u0142\u0105cznej<br \/>\n&#8211; choroby uk\u0142adu oddechowego<br \/>\n&#8211; choroby uk\u0142adu endokrynologicznego (w tym i cukrzyca)<br \/>\nPrzy sanatorium zosta\u0142y zorganizowane wypoczynek i leczenie dla rodzic\u00f3w i dzieci (centrum \u201eMatka i dziecko&#8221;).<\/p>\n<p><strong>RODZAJE ZABIEG\u00d3W:<\/strong><br \/>\n&#8211; minaralna woda typu druskiennika\u0144skiego<br \/>\n&#8211; ozonoterapia<br \/>\n&#8211; leczenie: pr\u00f3\u017cni\u0105, sol\u0105, zio\u0142ami<br \/>\n&#8211; bursztynoaromaterapia z chodzeniem po drobnych kamykach bursztynu<br \/>\n&#8211; presoterapia<br \/>\n&#8211; terapia b\u0142otem<br \/>\n&#8211; termoterapia<br \/>\n&#8211; colonohydrotherapia<br \/>\n&#8211; elektroterapia: leczenie ultrad\u017awi\u0119kiem oraz pr\u0105dem zmiennym, darsonwalizacja, elektroforeza, mikrofalowa terapia rezonansowa<br \/>\n&#8211; hydroterapia: prysznice, k\u0105piele (zio\u0142owe, pere\u0142kowe itp.), leczenie wod\u0105 mineraln\u0105<br \/>\n&#8211; sejsmoterapia<br \/>\n&#8211; terapia \u015bwiat\u0142em: bioptronterapia, lampa Sollux<br \/>\n&#8211; refleksologia<br \/>\n&#8211; psychoterapia<br \/>\n&#8211; kapsu\u0142a SPA<br \/>\n&#8211; wanny lecznicze<br \/>\n&#8211; masa\u017c r\u0119czny<\/p>\n<p><strong>INFRASTRUKTURA:<\/strong><br \/>\nDo dyspozycji naszych go\u015bci s\u0105 biliard, basen, sala koncertowa, pok\u00f3j zabaw dla dzieci, biblioteka, wypo\u017cyczalnia sprz\u0119tu sportowego, dyskoteka, WI- FI, salon fryzjerski, poczta, p\u0142atny parking.<\/p>\n<p><strong>WYCIECZKI I ROZRYWKA:<\/strong><br \/>\nZwiedzanie miasta Grodno, grodzie\u0144skiego maj\u0105tku Karobczycy, Kana\u0142u Augustowskiego, Monastyru Za\u015bni\u0119cia Matki Boskiej w \u017byrowiczach, zwiedzanie historycznych miast Mir, Nowogrudek, Nie\u015bwie\u017c, koncerty, dyskoteki, zabawy ludowe.<\/p>\n<p><strong>Cennik na sanatoryjno-uzdrowiskowe skierowanie (dostosowane menu z drugiego dnia, w pierwszy dzie\u0144 menu sanatorium)<\/strong><\/p>\n<p><strong><span style=\"color: #ff0000;\">CENY z 08.01.2020 do 10.06.2020<\/span><\/strong><\/p>\n<p><strong>2-pokojowy pok\u00f3j korpusu g\u0142\u00f3wnego <\/strong><span style=\"font-weight: 300;\">&#8211; dwa pojedyncze \u0142\u00f3\u017cka + kanapa<br \/>\n<\/span>dla jednej osoby<strong> \u2013 42 EUR dzie\u0144\/za osob\u0119<br \/>\n<\/strong>dla dw\u00f3ch os\u00f3b<strong> \u2013 32.5 EUR dzie\u0144\/za osob\u0119<br \/>\n<\/strong>dla trzech os\u00f3b<strong> \u2013 28 EUR dzie\u0144\/za osob\u0119<\/strong><\/p>\n<p><strong>2-pokojowy pok\u00f3j budynek 2,3 <\/strong>&#8211; dwa pojedyncze \u0142\u00f3\u017cka + kanapa<br \/>\ndla jednej osoby<strong> \u2013 42 EUR dzie\u0144\/za osob\u0119<br \/>\n<\/strong>dla dw\u00f3ch os\u00f3b<strong> \u2013 32.5 EUR dzie\u0144\/za osob\u0119<br \/>\n<\/strong>dla trzech os\u00f3b<strong> \u2013 28 EUR dzie\u0144\/za osob\u0119<\/strong><\/p>\n<p><strong>1-osobowy pok\u00f3j typu &#8220;<\/strong><strong>\u0410<\/strong><strong>&#8221; korpusu g\u0142\u00f3wnego<br \/>\n<\/strong>dla jednej osoby<strong> \u2013 36 EUR dzie\u0144\/za osob\u0119<br \/>\n<\/strong><\/p>\n<p><strong>2 osobowy <\/strong><strong>\u0440<\/strong><strong>ok\u00f3j typu &#8220;A+&#8221; korpusu g\u0142\u00f3wnego <\/strong>&#8211; jedno du\u017ce \u0142\u00f3\u017cko &#8211; (rodzinny)<br \/>\ndla jednej osoby<strong> \u2013 38 EUR dzie\u0144\/za osob\u0119<br \/>\n<\/strong>dla dw\u00f3ch os\u00f3b<strong> \u2013 32 EUR dzie\u0144\/za osob\u0119<\/strong><\/p>\n<p><strong>1-osobowy pok\u00f3j typu <\/strong><strong>\u0410<\/strong><strong> budynek 2,3<br \/>\n<\/strong>dla jednej osoby<strong> \u2013 \u00a032 EUR dzie\u0144\/za osob\u0119<\/strong><\/p>\n<p><strong>Dodatkowo p\u0142ac\u0105 op\u0142at\u0119 uzdrowiskow\u0105 w wysoko\u015bci 3% od warto\u015bci us\u0142ugi (na miejscu).<\/strong><\/p>\n<p>Obs\u0142uga klienta w sanatorium zaczyna si\u0119 o 08:00 w dniu rozpocz\u0119cia pobytu, a ko\u0144czy o 20:00 dnia zako\u0144czenia skierowania<br \/>\n&#8211; &#8211; &#8211; &#8211; &#8211; &#8211; &#8211; &#8211; &#8211; &#8211; &#8211; &#8211; &#8211; &#8211; &#8211; &#8211; &#8211; &#8211; &#8211; &#8211; &#8211; &#8211; &#8211; &#8211; &#8211; &#8211;<br \/>\n<strong>W CENIE:<\/strong><br \/>\n\u2022 zakwaterowanie w pokoju o wybranym standardzie<br \/>\n\u2022 wy\u017cywienie \u2013 5 posi\u0142ki dziennie<br \/>\n\u2022 kompleks zabieg\u00f3w uzdrowiskowych[\/vc_column_text][\/vc_column][\/vc_row][vc_row][vc_column][vc_raw_html]JTNDc2NyaXB0JTIwdHlwZSUzRCUyMnRleHQlMkZqYXZhc2NyaXB0JTIyJTIwY2hhcnNldCUzRCUyMnV0Zi04JTIyJTIwYXN5bmMlMjBzcmMlM0QlMjJodHRwcyUzQSUyRiUyRmFwaS1tYXBzLnlhbmRleC5ydSUyRnNlcnZpY2VzJTJGY29uc3RydWN0b3IlMkYxLjAlMkZqcyUyRiUzRnVtJTNEY29uc3RydWN0b3IlMjUzQTdjZTZkOWRlOTZiYzBhMWE2YWRkOWQ5YmVmYzc1OWFlNzBlZTM2Y2Q0OWQ1Zjc3ODc3MDU3ZjZlNjk2MjgzMGYlMjZhbXAlM0J3aWR0aCUzRDEwMCUyNTI1JTI2YW1wJTNCaGVpZ2h0JTNENDAwJTI2YW1wJTNCbGFuZyUzRHJ1X1JVJTI2YW1wJTNCc2Nyb2xsJTNEdHJ1ZSUyMiUzRSUzQyUyRnNjcmlwdCUzRQ==[\/vc_raw_html][\/vc_column][\/vc_row]<\/p>\n","protected":false},"excerpt":{"rendered":"[vc_row][vc_column][vc_empty_space][\/vc_column][\/vc_row][vc_row][vc_column width=&#8221;1\/2&#8243;][vc_images_carousel images=&#8221;5883,5879,5875,5871,5867,5863,5859,5855,5851,5847,5843,5839,5835,5831,5827,5819,5815,5811,5807,5803,5799,5795,5791,5787,5783,5779,5775,5771,5767,5763,5759,5755,5751,5747&#8243; img_size=&#8221;full&#8221; wrap=&#8221;yes&#8221;][\/vc_column][vc_column width=&#8221;1\/2&#8243;][vc_column_text] Sanatorium PORECZE Odleg\u0142o\u015b\u0107 od Grodna 36 km\u00a0 +375 29 782 14 72 +375 44 574 14 72 ( ) +375 33 351 87 72 ( ) [\/vc_column_text][tm_contact_form_7 id=&#8221;4246&#8243;][\/vc_column][\/vc_row][vc_row][vc_column][tm_heading custom_google_font=&#8221;&#8221; text=&#8221;Sanatorium PORECZE&#8221; typed_list=&#8221;%5B%7B%7D%5D&#8221;][vc_separator][vc_column_text]To wspania\u0142e miejsce dla odpoczynku i leczenia rodzinnego przez ca\u0142y rok! O\u015brodek ma \u0142agodny, umiarkowany klimat, jest otoczony iglastymi i li\u015bciastymi lasami pe\u0142nymi grzyb\u00f3w i pi\u0119knych jezior. Sanatorium \u201cPorzecze\u201d jest przeznaczony do rozmieszczenia 300 os\u00f3b. Posiadamy miejsca noclegowe w pokojach jednoosobowych, dwuosobowych, dwupokojowych. W g\u0142\u00f3wnym budynku sanatorium znajduje si\u0119 dwie eleganckie jadalnie na 320 miejsc. Organizujemy pi\u0119\u0107 posi\u0142k\u00f3w. W naszej jadalni znajd\u0105 Pa\u0144stwo smaczne dania tradycyjnej kuchni domowej. Ponadto proponujemy 4 diety, kt\u00f3re przygotujemy r\u00f3wnie\u017c na pa\u0144stwa \u017cyczenie. Przeprowadzane s\u0105 kulinarne wystawy- jarmarki. ZAKWATEROWANIE: S\u0105 tu dwupi\u0119trowe pawilony mieszkalne z komfortowym wyposa\u017coniem jedno \u2013 i dwuosobowych pokoi, apartamenty luksusowe. W ka\u017cdym z pokoi jest \u0142azienka, WC, telewizor (TV- SAT), lod\u00f3wka i telefon. OBS\u0141UGIWANE SCHORZENIA: &#8211; choroby uk\u0142adu trawiennego &#8211; choroby uk\u0142adu kostno- mi\u0119\u015bniowego, tkanki \u0142\u0105cznej &#8211; choroby uk\u0142adu oddechowego &#8211; choroby uk\u0142adu endokrynologicznego (w tym i cukrzyca) Przy sanatorium zosta\u0142y zorganizowane wypoczynek i leczenie dla rodzic\u00f3w i dzieci (centrum \u201eMatka i dziecko&#8221;). RODZAJE ZABIEG\u00d3W: &#8211; minaralna woda typu druskiennika\u0144skiego &#8211; ozonoterapia &#8211; leczenie: pr\u00f3\u017cni\u0105, sol\u0105, zio\u0142ami &#8211; bursztynoaromaterapia z chodzeniem po drobnych kamykach bursztynu &#8211; presoterapia &#8211; terapia b\u0142otem &#8211; termoterapia &#8211; colonohydrotherapia &#8211; elektroterapia: leczenie ultrad\u017awi\u0119kiem oraz pr\u0105dem zmiennym, darsonwalizacja, elektroforeza, mikrofalowa terapia rezonansowa &#8211; hydroterapia: prysznice, k\u0105piele (zio\u0142owe, pere\u0142kowe itp.), leczenie wod\u0105 mineraln\u0105 &#8211; sejsmoterapia &#8211; terapia \u015bwiat\u0142em: bioptronterapia, lampa Sollux &#8211; refleksologia &#8211; psychoterapia &#8211; kapsu\u0142a SPA &#8211; wanny lecznicze &#8211; masa\u017c r\u0119czny INFRASTRUKTURA: Do dyspozycji naszych go\u015bci s\u0105 biliard, basen, sala koncertowa, pok\u00f3j zabaw dla dzieci, biblioteka, wypo\u017cyczalnia sprz\u0119tu sportowego, dyskoteka, WI- FI, salon fryzjerski, poczta, p\u0142atny parking. WYCIECZKI I ROZRYWKA: Zwiedzanie miasta Grodno, grodzie\u0144skiego maj\u0105tku Karobczycy, Kana\u0142u Augustowskiego, Monastyru Za\u015bni\u0119cia Matki Boskiej w \u017byrowiczach, zwiedzanie historycznych miast Mir, Nowogrudek, Nie\u015bwie\u017c, koncerty, dyskoteki, zabawy ludowe. Cennik na sanatoryjno-uzdrowiskowe skierowanie (dostosowane menu z drugiego dnia, w pierwszy dzie\u0144 menu sanatorium) CENY z 08.01.2020 do 10.06.2020 2-pokojowy pok\u00f3j korpusu g\u0142\u00f3wnego &#8211; dwa pojedyncze \u0142\u00f3\u017cka + kanapa dla jednej osoby \u2013 42 EUR dzie\u0144\/za osob\u0119 dla dw\u00f3ch os\u00f3b \u2013 32.5 EUR dzie\u0144\/za osob\u0119 dla trzech os\u00f3b \u2013 28 EUR dzie\u0144\/za osob\u0119 2-pokojowy pok\u00f3j budynek 2,3 &#8211; dwa pojedyncze \u0142\u00f3\u017cka + kanapa dla jednej osoby \u2013 42 EUR dzie\u0144\/za osob\u0119 dla dw\u00f3ch os\u00f3b \u2013 32.5 EUR dzie\u0144\/za osob\u0119 dla trzech os\u00f3b \u2013 28 EUR dzie\u0144\/za osob\u0119 1-osobowy pok\u00f3j typu &#8220;\u0410&#8221; korpusu g\u0142\u00f3wnego dla jednej osoby \u2013 36 EUR dzie\u0144\/za osob\u0119 2 osobowy \u0440ok\u00f3j typu &#8220;A+&#8221; korpusu g\u0142\u00f3wnego &#8211; jedno du\u017ce \u0142\u00f3\u017cko &#8211; (rodzinny) dla jednej osoby \u2013 38 EUR dzie\u0144\/za osob\u0119 dla dw\u00f3ch os\u00f3b \u2013 32 EUR dzie\u0144\/za osob\u0119 1-osobowy pok\u00f3j typu \u0410 budynek 2,3 dla jednej osoby \u2013 \u00a032 EUR dzie\u0144\/za osob\u0119 Dodatkowo p\u0142ac\u0105 op\u0142at\u0119 uzdrowiskow\u0105 w wysoko\u015bci 3% od warto\u015bci us\u0142ugi (na miejscu). Obs\u0142uga klienta w sanatorium zaczyna si\u0119 o 08:00 w dniu rozpocz\u0119cia pobytu, a ko\u0144czy o 20:00 dnia zako\u0144czenia skierowania &#8211; &#8211; &#8211; &#8211; &#8211; &#8211; &#8211; &#8211; &#8211; &#8211; &#8211; &#8211; &#8211; &#8211; &#8211; &#8211; &#8211; &#8211; &#8211; &#8211; &#8211; &#8211; &#8211; &#8211; &#8211; &#8211; W CENIE: \u2022 zakwaterowanie w pokoju o wybranym standardzie \u2022 wy\u017cywienie \u2013 5 posi\u0142ki dziennie \u2022 kompleks zabieg\u00f3w uzdrowiskowych[\/vc_column_text][\/vc_column][\/vc_row][vc_row][vc_column][vc_raw_html]JTNDc2NyaXB0JTIwdHlwZSUzRCUyMnRleHQlMkZqYXZhc2NyaXB0JTIyJTIwY2hhcnNldCUzRCUyMnV0Zi04JTIyJTIwYXN5bmMlMjBzcmMlM0QlMjJodHRwcyUzQSUyRiUyRmFwaS1tYXBzLnlhbmRleC5ydSUyRnNlcnZpY2VzJTJGY29uc3RydWN0b3IlMkYxLjAlMkZqcyUyRiUzRnVtJTNEY29uc3RydWN0b3IlMjUzQTdjZTZkOWRlOTZiYzBhMWE2YWRkOWQ5YmVmYzc1OWFlNzBlZTM2Y2Q0OWQ1Zjc3ODc3MDU3ZjZlNjk2MjgzMGYlMjZhbXAlM0J3aWR0aCUzRDEwMCUyNTI1JTI2YW1wJTNCaGVpZ2h0JTNENDAwJTI2YW1wJTNCbGFuZyUzRHJ1X1JVJTI2YW1wJTNCc2Nyb2xsJTNEdHJ1ZSUyMiUzRSUzQyUyRnNjcmlwdCUzRQ==[\/vc_raw_html][\/vc_column][\/vc_row]","protected":false},"author":1,"featured_media":5823,"parent":4095,"menu_order":0,"comment_status":"closed","ping_status":"closed","template":"","meta":[],"_links":{"self":[{"href":"https:\/\/www.extur.by\/pl\/wp-json\/wp\/v2\/pages\/5742\/"}],"collection":[{"href":"https:\/\/www.extur.by\/pl\/wp-json\/wp\/v2\/pages\/"}],"about":[{"href":"https:\/\/www.extur.by\/pl\/wp-json\/wp\/v2\/types\/page\/"}],"author":[{"embeddable":true,"href":"https:\/\/www.extur.by\/pl\/wp-json\/wp\/v2\/users\/1\/"}],"replies":[{"embeddable":true,"href":"https:\/\/www.extur.by\/pl\/wp-json\/wp\/v2\/comments\/?post=5742"}],"version-history":[{"count":6,"href":"https:\/\/www.extur.by\/pl\/wp-json\/wp\/v2\/pages\/5742\/revisions\/"}],"predecessor-version":[{"id":5891,"href":"https:\/\/www.extur.by\/pl\/wp-json\/wp\/v2\/pages\/5742\/revisions\/5891\/"}],"up":[{"embeddable":true,"href":"https:\/\/www.extur.by\/pl\/wp-json\/wp\/v2\/pages\/4095\/"}],"wp:featuredmedia":[{"embeddable":true,"href":"https:\/\/www.extur.by\/pl\/wp-json\/wp\/v2\/media\/5823\/"}],"wp:attachment":[{"href":"https:\/\/www.extur.by\/pl\/wp-json\/wp\/v2\/media\/?parent=5742"}],"curies":[{"name":"wp","href":"https:\/\/api.w.org\/{rel}","templated":true}]}}