{"id":3787,"date":"2019-07-17T15:40:04","date_gmt":"2019-07-17T12:40:04","guid":{"rendered":"https:\/\/extur.by\/medizinischer-tourismus\/behandlung-von-kindern\/"},"modified":"2019-07-19T17:02:18","modified_gmt":"2019-07-19T14:02:18","slug":"behandlung-von-kindern","status":"publish","type":"page","link":"https:\/\/www.extur.by\/de\/medizinischer-tourismus\/behandlung-von-kindern\/","title":{"rendered":"Behandlung von Kindern"},"content":{"rendered":"<p>[vc_row][vc_column][vc_column_text]<\/p>\n<table width=\"0\">\n<tbody>\n<tr>\n<td width=\"773\"><strong>Kinderchirurgie<\/strong><\/td>\n<td width=\"215\"><strong>von 80,0 Rubel (34 \u20ac)<\/strong><\/td>\n<\/tr>\n<tr>\n<td width=\"773\">Alle Kinder wachsen und sich sehr schnell entwickeln. In dem Prozess des Wachstums fand man oft verschiedene Pathologien, die eine Arztpraxis oder Notfallma\u00dfnahmen erfordern Beratung.\n<p>Das Spektrum der Erkrankungen ist sehr breit.<\/p><\/td>\n<td width=\"215\"><\/td>\n<\/tr>\n<tr>\n<td width=\"773\">Die Jungen sollten ihr Augenmerk auf die Entwicklung der Geschlechtsorgane zahlen. Das hei\u00dft, kein Hoden Abstieg in den Hodensack (Kryptorchismus), der Vorhaut Verengung (Phimose). Diese Probleme sollten auf einem Kinderchirurgen und Urologen zusammenarbeiten.\n<p>&nbsp;<\/p>\n<p>Es ist auch der Grund f\u00fcr den Besuch in einem Kinderchirurgen k\u00f6nnen verschiedene Arten von Kindheitstraumata (Kratzer, Prellungen, Sch\u00fcrfwunden, Schnittwunden, Knochenbr\u00fcche, Prellungen, etc.) dienen.<\/p>\n<p>Oft k\u00f6nnen Kinder eitrig-entz\u00fcndliche Erkrankungen der Haut und des subkutanen Gewebes, in dem auch ein Kinderchirurgen konsultieren m\u00fcssen erf\u00fcllen:<\/p><\/td>\n<td width=\"215\"><\/td>\n<\/tr>\n<tr>\n<td width=\"773\"><strong>Kinderherzchirurgie<\/strong><\/td>\n<td width=\"215\"><strong>8 556 Rubel (3<\/strong> <strong>583 \u20ac)<\/strong><\/td>\n<\/tr>\n<tr>\n<td width=\"773\">Herzchirurgie ist Chirurgie und Kardiologie, die Pathologie des kardiovaskul\u00e4ren Systems zu beseitigen. Insbesondere ist die Herzchirurgie der effektivste Weg, koronare Herzkrankheit zur Behandlung von Herzinfarkt zu verhindern<\/td>\n<td width=\"215\"><\/td>\n<\/tr>\n<\/tbody>\n<\/table>\n<p>&nbsp;<\/p>\n<table width=\"0\">\n<tbody>\n<tr>\n<td width=\"775\"><strong>Name der Institution<\/strong><\/td>\n<td width=\"213\"><strong>Kosten f\u00fcr Dienstleistungen<\/strong><\/td>\n<\/tr>\n<tr>\n<td width=\"775\">Grodnoer regional- klinisches Kardiologizentrum<\/td>\n<td width=\"213\"><strong>8 556 Rubel (3 583 \u20ac)<\/strong><\/td>\n<\/tr>\n<\/tbody>\n<\/table>\n<p>[\/vc_column_text][\/vc_column][\/vc_row]<\/p>\n","protected":false},"excerpt":{"rendered":"[vc_row][vc_column][vc_column_text] Kinderchirurgie von 80,0 Rubel (34 \u20ac) Alle Kinder wachsen und sich sehr schnell entwickeln. In dem Prozess des Wachstums fand man oft verschiedene Pathologien, die eine Arztpraxis oder Notfallma\u00dfnahmen erfordern Beratung. Das Spektrum der Erkrankungen ist sehr breit. Die Jungen sollten ihr Augenmerk auf die Entwicklung der Geschlechtsorgane zahlen. Das hei\u00dft, kein Hoden Abstieg in den Hodensack (Kryptorchismus), der Vorhaut Verengung (Phimose). Diese Probleme sollten auf einem Kinderchirurgen und Urologen zusammenarbeiten. &nbsp; Es ist auch der Grund f\u00fcr den Besuch in einem Kinderchirurgen k\u00f6nnen verschiedene Arten von Kindheitstraumata (Kratzer, Prellungen, Sch\u00fcrfwunden, Schnittwunden, Knochenbr\u00fcche, Prellungen, etc.) dienen. Oft k\u00f6nnen Kinder eitrig-entz\u00fcndliche Erkrankungen der Haut und des subkutanen Gewebes, in dem auch ein Kinderchirurgen konsultieren m\u00fcssen erf\u00fcllen: Kinderherzchirurgie 8 556 Rubel (3 583 \u20ac) Herzchirurgie ist Chirurgie und Kardiologie, die Pathologie des kardiovaskul\u00e4ren Systems zu beseitigen. Insbesondere ist die Herzchirurgie der effektivste Weg, koronare Herzkrankheit zur Behandlung von Herzinfarkt zu verhindern &nbsp; Name der Institution Kosten f\u00fcr Dienstleistungen Grodnoer regional- klinisches Kardiologizentrum 8 556 Rubel (3 583 \u20ac) [\/vc_column_text][\/vc_column][\/vc_row]","protected":false},"author":1,"featured_media":0,"parent":3211,"menu_order":0,"comment_status":"closed","ping_status":"closed","template":"","meta":[],"_links":{"self":[{"href":"https:\/\/www.extur.by\/de\/wp-json\/wp\/v2\/pages\/3787\/"}],"collection":[{"href":"https:\/\/www.extur.by\/de\/wp-json\/wp\/v2\/pages\/"}],"about":[{"href":"https:\/\/www.extur.by\/de\/wp-json\/wp\/v2\/types\/page\/"}],"author":[{"embeddable":true,"href":"https:\/\/www.extur.by\/de\/wp-json\/wp\/v2\/users\/1\/"}],"replies":[{"embeddable":true,"href":"https:\/\/www.extur.by\/de\/wp-json\/wp\/v2\/comments\/?post=3787"}],"version-history":[{"count":4,"href":"https:\/\/www.extur.by\/de\/wp-json\/wp\/v2\/pages\/3787\/revisions\/"}],"predecessor-version":[{"id":3827,"href":"https:\/\/www.extur.by\/de\/wp-json\/wp\/v2\/pages\/3787\/revisions\/3827\/"}],"up":[{"embeddable":true,"href":"https:\/\/www.extur.by\/de\/wp-json\/wp\/v2\/pages\/3211\/"}],"wp:attachment":[{"href":"https:\/\/www.extur.by\/de\/wp-json\/wp\/v2\/media\/?parent=3787"}],"curies":[{"name":"wp","href":"https:\/\/api.w.org\/{rel}","templated":true}]}}