{"id":3253,"date":"2019-05-29T14:46:12","date_gmt":"2019-05-29T11:46:12","guid":{"rendered":"https:\/\/extur.by\/medizinischer-tourismus\/chirurgie\/"},"modified":"2019-07-22T12:27:34","modified_gmt":"2019-07-22T09:27:34","slug":"chirurgie","status":"publish","type":"page","link":"https:\/\/www.extur.by\/de\/medizinischer-tourismus\/chirurgie\/","title":{"rendered":"Chirurgie"},"content":{"rendered":"<p>[vc_row][vc_column][vc_column_text]<\/p>\n<table>\n<tbody>\n<tr>\n<td>\n<table>\n<tbody>\n<tr>\n<td style=\"text-align: center;\" width=\"945\"><strong>Orthop\u00e4die<\/strong><\/td>\n<td width=\"278\">\n<p style=\"text-align: center;\"><strong>von 246-482 Rubel<\/strong><\/p>\n<p style=\"text-align: center;\"><strong>(102-200 \u20ac)<\/strong><\/p>\n<\/td>\n<\/tr>\n<\/tbody>\n<\/table>\n<\/td>\n<td><\/td>\n<\/tr>\n<tr>\n<td>Abschnitt f\u00fcr Klinische Medizin, Abteilung f\u00fcr Chirurgie, die die Pr\u00e4vention, Diagnose und Behandlung von Fehlbildungen und Erkrankungen des Muskel-Skelett-Systems untersucht, die das Ergebnis von angeborenen Defekten sind, Entwicklungsst\u00f6rungen, Trauma oder Krankheiten.<\/td>\n<td><\/td>\n<\/tr>\n<tr>\n<td>\n<table>\n<tbody>\n<tr>\n<td style=\"text-align: center;\" width=\"945\"><strong>Endoprothese der gro\u00dfen Gelenke<\/strong><\/td>\n<td width=\"278\">\n<p style=\"text-align: center;\"><strong>von 39 Rubel<\/strong><\/p>\n<p style=\"text-align: center;\"><strong>(16 \u20ac) <\/strong><\/p>\n<\/td>\n<\/tr>\n<\/tbody>\n<\/table>\n<\/td>\n<td><strong>\u00a0<\/strong><\/td>\n<\/tr>\n<tr>\n<td>Endoprothetik ist Vorgang, der Gelenkersatzimplantat Komponenten, die die anatomische Form eines gesunden Gelenks haben und k\u00f6nnen Sie den gesamten Bewegungsbereich durchf\u00fchren. Nach diesen Operationen vergisst der Patient \u00fcber Schmerzen in den Gelenken und kehrt zum aktiven Leben. In der Mitte der Operation durchgef\u00fchrt, indem der Hauptgelenkersatz (Knie, H\u00fcfte, Schulter, Ellbogen) und kleine (Kn\u00f6chel) Gelenke.<\/td>\n<td><\/td>\n<\/tr>\n<tr>\n<td>\n<table>\n<tbody>\n<tr>\n<td style=\"text-align: center;\" width=\"945\"><strong>Mikrochirurgie<\/strong><\/td>\n<td style=\"text-align: center;\" width=\"278\"><strong>von 96 Rubel (40 \u20ac)<\/strong><\/td>\n<\/tr>\n<\/tbody>\n<\/table>\n<\/td>\n<td><\/td>\n<\/tr>\n<tr>\n<td>Die Abteilung der modernen operativen Chirurgie, die die chirurgischen Einmischungen auf den kleinen anatomischen Strukturen unter Ausnutzung der optischen Mittel und das mikrochirurgische Instrumentarium aufnimmt. Ein \u00e4u\u00dferliches Merkmal der mikrochirurgischen Operation ist die Nutzung des Operationsmikroskops oder der chirurgischen Lupe, der mikrochirurgischen Instrumente und sehr feinen F\u00e4den f\u00fcr die Nahten.<\/td>\n<td><\/td>\n<\/tr>\n<tr>\n<td>\n<table>\n<tbody>\n<tr>\n<td style=\"text-align: center;\" width=\"945\"><strong>Neurochirurgie<\/strong><\/td>\n<td width=\"278\">\n<p style=\"text-align: center;\"><strong>von 587 Rubel<\/strong><\/p>\n<p style=\"text-align: center;\"><strong>(246 \u20ac) <\/strong><\/p>\n<\/td>\n<\/tr>\n<\/tbody>\n<\/table>\n<\/td>\n<td><strong>\u00a0<\/strong><\/td>\n<\/tr>\n<tr>\n<td>Die Neurochirurgie ist die Abteilung der Chirurgie, die sich mit den Fragen der operativen Behandlung der Erkrankungen des Nervensystemes einschlie\u00dflich der Gehirne besch\u00e4ftigt, das R\u00fcckenmark und das peripherische Nervensystem.<\/td>\n<td><strong>\u00a0<\/strong><\/td>\n<\/tr>\n<tr>\n<td>\n<table>\n<tbody>\n<tr>\n<td style=\"text-align: center;\" width=\"945\"><strong>Gef\u00e4\u00dfchirurgie<\/strong><\/td>\n<td width=\"278\">\n<p style=\"text-align: center;\"><strong>von 587 Rubel<\/strong><\/p>\n<p style=\"text-align: center;\"><strong>(246 \u20ac) <\/strong><\/p>\n<\/td>\n<\/tr>\n<\/tbody>\n<\/table>\n<\/td>\n<td><strong>\u00a0<\/strong><\/td>\n<\/tr>\n<tr>\n<td>Gef\u00e4\u00dfchirurgie ist Wissenschaft der chirurgischen Behandlung von Blutgef\u00e4\u00dfen. Seine wichtigste Aufgabe ist die Blutversorgung des K\u00f6rpers und des Gehirns zu gew\u00e4hrleisten. Die h\u00e4ufigsten Operationen in der kardiovaskul\u00e4ren Chirurgie geh\u00f6ren Bypass zur Str\u00f6mungs direkten Blut Pfropfen der verengte Blutgef\u00e4\u00dfe, Aneurysmen und Karotischirurgie zu umgehen &#8211; ist verantwortlich f\u00fcr die Blutzufuhr zum Gehirn, um einen Schlaganfall zu verhindern.<\/td>\n<td><\/td>\n<\/tr>\n<\/tbody>\n<\/table>\n<p>[\/vc_column_text][\/vc_column][\/vc_row][vc_row][vc_column][vc_column_text]<\/p>\n<table width=\"100%\">\n<thead>\n<tr>\n<td><strong>Name der Institution<\/strong><\/td>\n<td><strong>Preis der Dienstleistungen<\/strong><\/td>\n<\/tr>\n<\/thead>\n<tbody>\n<tr>\n<td>St\u00e4dtische Poliklinik \u21164 von Grodno<\/td>\n<td>von 6,11 Rubel (3,0 \u20ac)<\/td>\n<\/tr>\n<tr>\n<td>St\u00e4dtisches klinisches Krankenhaus der schnellen \u00e4rztlichen Betreuung von Grodno<\/td>\n<td>von 27,61 Rubel (13,5 \u20ac)<\/td>\n<\/tr>\n<tr>\n<td>Kinderpoliklinik \u21161 von Grodno<\/td>\n<td>von 16,36 Rubel (8,0 \u20ac)<\/td>\n<\/tr>\n<tr>\n<td>Grodnoer zentrale st\u00e4dtische Poliklinik<\/td>\n<td>von 6,52 Rubel (3,2 \u20ac)<\/td>\n<\/tr>\n<tr>\n<td>St\u00e4dtische Poliklinik \u21166 von Grodno<\/td>\n<td>von9,18 Rubel (4,5 \u20ac)<\/td>\n<\/tr>\n<tr>\n<td>St\u00e4dtische Poliklinik \u21165 von Grodno<\/td>\n<td>von 8,61 Rubel (4,2 \u20ac)<\/td>\n<\/tr>\n<tr>\n<td>St\u00e4dtische Poliklinik \u21161 von Grodno<\/td>\n<td>von 6,65 Rubel (3,2 \u20ac)<\/td>\n<\/tr>\n<tr>\n<td>Grodnoer regionales klinisches Krankenhaus<\/td>\n<td>von 17,64 Rubel (8,6 \u20ac)<\/td>\n<\/tr>\n<tr>\n<td>St\u00e4dtisches klinisches Krankenhaus \u21164 von Grodno<\/td>\n<td>von 30,78 Rubel (15 \u20ac)<\/td>\n<\/tr>\n<\/tbody>\n<\/table>\n<p>[\/vc_column_text][\/vc_column][\/vc_row]<\/p>\n","protected":false},"excerpt":{"rendered":"[vc_row][vc_column][vc_column_text] Orthop\u00e4die von 246-482 Rubel (102-200 \u20ac) Abschnitt f\u00fcr Klinische Medizin, Abteilung f\u00fcr Chirurgie, die die Pr\u00e4vention, Diagnose und Behandlung von Fehlbildungen und Erkrankungen des Muskel-Skelett-Systems untersucht, die das Ergebnis von angeborenen Defekten sind, Entwicklungsst\u00f6rungen, Trauma oder Krankheiten. Endoprothese der gro\u00dfen Gelenke von 39 Rubel (16 \u20ac) \u00a0 Endoprothetik ist Vorgang, der Gelenkersatzimplantat Komponenten, die die anatomische Form eines gesunden Gelenks haben und k\u00f6nnen Sie den gesamten Bewegungsbereich durchf\u00fchren. Nach diesen Operationen vergisst der Patient \u00fcber Schmerzen in den Gelenken und kehrt zum aktiven Leben. In der Mitte der Operation durchgef\u00fchrt, indem der Hauptgelenkersatz (Knie, H\u00fcfte, Schulter, Ellbogen) und kleine (Kn\u00f6chel) Gelenke. Mikrochirurgie von 96 Rubel (40 \u20ac) Die Abteilung der modernen operativen Chirurgie, die die chirurgischen Einmischungen auf den kleinen anatomischen Strukturen unter Ausnutzung der optischen Mittel und das mikrochirurgische Instrumentarium aufnimmt. Ein \u00e4u\u00dferliches Merkmal der mikrochirurgischen Operation ist die Nutzung des Operationsmikroskops oder der chirurgischen Lupe, der mikrochirurgischen Instrumente und sehr feinen F\u00e4den f\u00fcr die Nahten. Neurochirurgie von 587 Rubel (246 \u20ac) \u00a0 Die Neurochirurgie ist die Abteilung der Chirurgie, die sich mit den Fragen der operativen Behandlung der Erkrankungen des Nervensystemes einschlie\u00dflich der Gehirne besch\u00e4ftigt, das R\u00fcckenmark und das peripherische Nervensystem. \u00a0 Gef\u00e4\u00dfchirurgie von 587 Rubel (246 \u20ac) \u00a0 Gef\u00e4\u00dfchirurgie ist Wissenschaft der chirurgischen Behandlung von Blutgef\u00e4\u00dfen. Seine wichtigste Aufgabe ist die Blutversorgung des K\u00f6rpers und des Gehirns zu gew\u00e4hrleisten. Die h\u00e4ufigsten Operationen in der kardiovaskul\u00e4ren Chirurgie geh\u00f6ren Bypass zur Str\u00f6mungs direkten Blut Pfropfen der verengte Blutgef\u00e4\u00dfe, Aneurysmen und Karotischirurgie zu umgehen &#8211; ist verantwortlich f\u00fcr die Blutzufuhr zum Gehirn, um einen Schlaganfall zu verhindern. [\/vc_column_text][\/vc_column][\/vc_row][vc_row][vc_column][vc_column_text] Name der Institution Preis der Dienstleistungen St\u00e4dtische Poliklinik \u21164 von Grodno von 6,11 Rubel (3,0 \u20ac) St\u00e4dtisches klinisches Krankenhaus der schnellen \u00e4rztlichen Betreuung von Grodno von 27,61 Rubel (13,5 \u20ac) Kinderpoliklinik \u21161 von Grodno von 16,36 Rubel (8,0 \u20ac) Grodnoer zentrale st\u00e4dtische Poliklinik von 6,52 Rubel (3,2 \u20ac) St\u00e4dtische Poliklinik \u21166 von Grodno von9,18 Rubel (4,5 \u20ac) St\u00e4dtische Poliklinik \u21165 von Grodno von 8,61 Rubel (4,2 \u20ac) St\u00e4dtische Poliklinik \u21161 von Grodno von 6,65 Rubel (3,2 \u20ac) Grodnoer regionales klinisches Krankenhaus von 17,64 Rubel (8,6 \u20ac) St\u00e4dtisches klinisches Krankenhaus \u21164 von Grodno von 30,78 Rubel (15 \u20ac) [\/vc_column_text][\/vc_column][\/vc_row]","protected":false},"author":1,"featured_media":0,"parent":3211,"menu_order":0,"comment_status":"closed","ping_status":"closed","template":"","meta":[],"_links":{"self":[{"href":"https:\/\/www.extur.by\/de\/wp-json\/wp\/v2\/pages\/3253\/"}],"collection":[{"href":"https:\/\/www.extur.by\/de\/wp-json\/wp\/v2\/pages\/"}],"about":[{"href":"https:\/\/www.extur.by\/de\/wp-json\/wp\/v2\/types\/page\/"}],"author":[{"embeddable":true,"href":"https:\/\/www.extur.by\/de\/wp-json\/wp\/v2\/users\/1\/"}],"replies":[{"embeddable":true,"href":"https:\/\/www.extur.by\/de\/wp-json\/wp\/v2\/comments\/?post=3253"}],"version-history":[{"count":6,"href":"https:\/\/www.extur.by\/de\/wp-json\/wp\/v2\/pages\/3253\/revisions\/"}],"predecessor-version":[{"id":3840,"href":"https:\/\/www.extur.by\/de\/wp-json\/wp\/v2\/pages\/3253\/revisions\/3840\/"}],"up":[{"embeddable":true,"href":"https:\/\/www.extur.by\/de\/wp-json\/wp\/v2\/pages\/3211\/"}],"wp:attachment":[{"href":"https:\/\/www.extur.by\/de\/wp-json\/wp\/v2\/media\/?parent=3253"}],"curies":[{"name":"wp","href":"https:\/\/api.w.org\/{rel}","templated":true}]}}