{"id":3211,"date":"2019-05-29T14:08:58","date_gmt":"2019-05-29T11:08:58","guid":{"rendered":"https:\/\/extur.by\/medizinischer-tourismus\/"},"modified":"2019-07-24T14:57:25","modified_gmt":"2019-07-24T11:57:25","slug":"medizinischer-tourismus","status":"publish","type":"page","link":"https:\/\/www.extur.by\/de\/medizinischer-tourismus\/","title":{"rendered":"Medizinischer Tourismus"},"content":{"rendered":"<p>[vc_row wrapper_container=&#8221;content-block-no-padding-margin&#8221;][vc_column][vc_empty_space][tm_heading custom_google_font=&#8221;&#8221; google_fonts=&#8221;font_family:Poppins%3A300%2Cregular%2C500%2C600%2C700&#8243; font_weight=&#8221;700&#8243; align=&#8221;center&#8221; animation=&#8221;fade-in&#8221; text=&#8221;Organisation und Betreuung von Reise, um medizinische und diagnostische Versorgung in der Republik Belarus zu bekommen&#8221; typed_list=&#8221;%5B%7B%7D%5D&#8221;][vc_empty_space][vc_column_text]Wir bieten die besten Kliniken der Republik Belarus &#8211; die Behandlung des Muskel-Skelett-Systems, des Herz-Kreislauf-Systems, der neurologischen Probleme, urologische und gyn\u00e4kologische Erkrankungen, sowie die Dienste der medizinischen Einrichtungen von anderen Profilen bis zu Kosmetologie[\/vc_column_text][\/vc_column][\/vc_row][vc_row][vc_column][vc_empty_space][tm_heading custom_google_font=&#8221;&#8221; google_fonts=&#8221;font_family:Poppins%3A300%2Cregular%2C500%2C600%2C700&#8243; font_weight=&#8221;700&#8243; align=&#8221;center&#8221; text=&#8221;Unsere Spezialisierungen&#8221; typed_list=&#8221;%5B%7B%7D%5D&#8221;][vc_empty_space][\/vc_column][\/vc_row][vc_row lg_spacing=&#8221;margin_bottom:20&#8243;][vc_column width=&#8221;1\/3&#8243;][tm_figure_box feature=&#8221;image&#8221; image=&#8221;2702&#8243; link=&#8221;url:https%3A%2F%2Fextur.by%2Fde%2Fmedizinischer-tourismus%2Fgynakologie%2F|title:Gyn%C3%A4kologie||&#8221; heading=&#8221;Gyn\u00e4kologie&#8221; text=&#8221;<\/p>\n<ul>\n<li>Physiologische Geburt mit Periduralan\u00e4sthesie<\/li>\n<li>Kaiserschnitt<\/li>\n<li>Gyn\u00e4kologische Chirurgie<\/li>\n<li>Kosmetische Gyn\u00e4kologie<\/li>\n<li>Studie der m\u00e4nnlichen Fertilit\u00e4t<\/li>\n<\/ul>\n<p>&#8220;][\/vc_column][vc_column width=&#8221;1\/3&#8243;][tm_figure_box feature=&#8221;image&#8221; image=&#8221;2547&#8243; link=&#8221;url:https%3A%2F%2Fextur.by%2Fde%2Fmedizinischer-tourismus%2Fstomatologie%2F|title:Stomatologie||&#8221; heading=&#8221;Stomatologie&#8221; text=&#8221;<\/p>\n<ul>\n<li>Zahnimplantate<\/li>\n<li>Prothese<\/li>\n<li>Zahnheilkunde<\/li>\n<li>Pr\u00e4ventive Zahnheilkunde<\/li>\n<li>Oralchirurgie<\/li>\n<li>Radiodiagnostik<\/li>\n<li>Kiefer- und Gesichtschirurgie<\/li>\n<\/ul>\n<p>&#8220;][\/vc_column][vc_column width=&#8221;1\/3&#8243;][tm_figure_box feature=&#8221;image&#8221; heading=&#8221;Kardiologie&#8221; image=&#8221;2564&#8243; text=&#8221;<\/p>\n<ul>\n<li>Ultraschalldiagnostik<\/li>\n<li>Funktionsdiagnostik<\/li>\n<li>Rentgenoehndovaskuljarnaja Chirurgie<\/li>\n<li>Physiotherapie. Strom- und Lichttherapie.<\/li>\n<li>Herzchirurgie<\/li>\n<li>Endoskopische Untersuchungen<\/li>\n<\/ul>\n<p>&#8221; link=&#8221;url:%2Fru%2Fmedicinskij-turizm%2Fkardiologija%2F|||&#8221;][\/vc_column][\/vc_row][vc_row][vc_column width=&#8221;1\/3&#8243;][tm_figure_box feature=&#8221;image&#8221; image=&#8221;2568&#8243; heading=&#8221;Behandlung von Kindern&#8221; text=&#8221;<\/p>\n<ul>\n<li>Kinderchirurgie<\/li>\n<li>Kinderherzchirurgie<\/li>\n<\/ul>\n<p>&#8221; link=&#8221;url:https%3A%2F%2Fextur.by%2Fde%2Fmedizinischer-tourismus%2Fbehandlung-von-kindern%2F|title:Behandlung%20von%20Kindern||&#8221;][\/vc_column][vc_column width=&#8221;1\/3&#8243;][tm_figure_box feature=&#8221;image&#8221; image=&#8221;2574&#8243; heading=&#8221;Augenheilkunde&#8221; text=&#8221;<\/p>\n<ul>\n<li>Augenmikrochirurgie<\/li>\n<li>Komplexes Programm \u201eDiagnose der Sehkraft\u201c<\/li>\n<li>Phakoemulsifikation<\/li>\n<\/ul>\n<p>&#8221; link=&#8221;url:https%3A%2F%2Fextur.by%2Fde%2Fmedizinischer-tourismus%2Fophtalmologie%2F|title:Augenheilkunde||&#8221;][\/vc_column][vc_column width=&#8221;1\/3&#8243;][tm_figure_box feature=&#8221;image&#8221; image=&#8221;2578&#8243; heading=&#8221;Diagnostik&#8221; text=&#8221;<\/p>\n<ul>\n<li>Endoskopische diagnostische Studien<\/li>\n<li>MRI<\/li>\n<li>R\u00f6ntgencomputertomographie<\/li>\n<li>Ultraschalldiagnostik<\/li>\n<li>Mammologische Forschung<\/li>\n<li>Polysomnographie<\/li>\n<li>Funktionsdiagnostik<\/li>\n<li>CT-Untersuchung<\/li>\n<\/ul>\n<p>&#8221; link=&#8221;url:https%3A%2F%2Fextur.by%2Fde%2Fmedizinischer-tourismus%2Fdiagnostik%2F|title:Diagnostik||&#8221;][\/vc_column][\/vc_row][vc_row][vc_column][vc_empty_space][\/vc_column][\/vc_row][vc_row][vc_column][vc_column_text]Im diesen Moment hat unsere Website keine vollst\u00e4ndige Liste der belarussischen Kliniken, mit denen wir jetzt arbeiten. Deshalb k\u00f6nnen Sie mit uns per Telefon <a href=\"tel:+375297821472\">\u00a0+375 (29) 782-14-72\u00a0<\/a>,<a href=\"tel:+375445741472\">\u00a0+375 (44) 574-14-72, <\/a><a href=\"tel:+375333518772\">\u00a0+375 (33) 351-87-72<\/a> <a href=\"tel:+375333518772\">375 (33) 351-87-72<\/a> oder E-Mail <a href=\"mailto:vitalina7373@rambler.ru\">vitalina7373@rambler.ru <\/a>verbinden, um \u00fcber unsere M\u00f6glichkeiten, die wir anbieten k\u00f6nnen, zu erfahren. Wir werden eine Klinik und sogar einen bestimmten Spezialisten, die Ihnen helfen, finden.[\/vc_column_text][\/vc_column][\/vc_row][vc_row][vc_column][tm_heading custom_google_font=&#8221;&#8221; align=&#8221;center&#8221; text=&#8221;Unsere Dienstleistungen&#8221; typed_list=&#8221;%5B%7B%7D%5D&#8221;][vc_empty_space][\/vc_column][\/vc_row][vc_row][vc_column width=&#8221;1\/4&#8243;][tm_box_icon feature=&#8221;image&#8221; align=&#8221;center&#8221; image=&#8221;2618&#8243; heading=&#8221;Konsultationen&#8221; text=&#8221;Konsultation mit der besten \u00c4rzte f\u00fchrende Kliniken von Belarus in Bezug auf das Programm und die Kosten der Behandlung&#8221;][\/vc_column][vc_column width=&#8221;1\/4&#8243;][tm_box_icon feature=&#8221;image&#8221; align=&#8221;center&#8221; image=&#8221;2623&#8243; heading=&#8221;Aufenthalt&#8221; text=&#8221;Auswahl der Varianten des Aufenthaltes&#8221;][\/vc_column][vc_column width=&#8221;1\/4&#8243;][tm_box_icon feature=&#8221;image&#8221; align=&#8221;center&#8221; image=&#8221;2629&#8243; heading=&#8221;Transfer&#8221; text=&#8221;Organisation des Transfers vom Flughafen (Bahnhof)&#8221;][\/vc_column][vc_column width=&#8221;1\/4&#8243;][tm_box_icon feature=&#8221;image&#8221; align=&#8221;center&#8221; image=&#8221;2626&#8243; heading=&#8221;Hilfe&#8221; text=&#8221;Dienstleistungen einer Begleitperson mit dem medizinischen Ausbildung mit der Kenntnissen der englischen und italienischen Sprache&#8221;][\/vc_column][\/vc_row]<\/p>\n","protected":false},"excerpt":{"rendered":"[vc_row wrapper_container=&#8221;content-block-no-padding-margin&#8221;][vc_column][vc_empty_space][tm_heading custom_google_font=&#8221;&#8221; google_fonts=&#8221;font_family:Poppins%3A300%2Cregular%2C500%2C600%2C700&#8243; font_weight=&#8221;700&#8243; align=&#8221;center&#8221; animation=&#8221;fade-in&#8221; text=&#8221;Organisation und Betreuung von Reise, um medizinische und diagnostische Versorgung in der Republik Belarus zu bekommen&#8221; typed_list=&#8221;%5B%7B%7D%5D&#8221;][vc_empty_space][vc_column_text]Wir bieten die besten Kliniken der Republik Belarus &#8211; die Behandlung des Muskel-Skelett-Systems, des Herz-Kreislauf-Systems, der neurologischen Probleme, urologische und gyn\u00e4kologische Erkrankungen, sowie die Dienste der medizinischen Einrichtungen von anderen Profilen bis zu Kosmetologie[\/vc_column_text][\/vc_column][\/vc_row][vc_row][vc_column][vc_empty_space][tm_heading custom_google_font=&#8221;&#8221; google_fonts=&#8221;font_family:Poppins%3A300%2Cregular%2C500%2C600%2C700&#8243; font_weight=&#8221;700&#8243; align=&#8221;center&#8221; text=&#8221;Unsere Spezialisierungen&#8221; typed_list=&#8221;%5B%7B%7D%5D&#8221;][vc_empty_space][\/vc_column][\/vc_row][vc_row lg_spacing=&#8221;margin_bottom:20&#8243;][vc_column width=&#8221;1\/3&#8243;][tm_figure_box feature=&#8221;image&#8221; image=&#8221;2702&#8243; link=&#8221;url:https%3A%2F%2Fextur.by%2Fde%2Fmedizinischer-tourismus%2Fgynakologie%2F|title:Gyn%C3%A4kologie||&#8221; heading=&#8221;Gyn\u00e4kologie&#8221; text=&#8221; Physiologische Geburt mit Periduralan\u00e4sthesie Kaiserschnitt Gyn\u00e4kologische Chirurgie Kosmetische Gyn\u00e4kologie Studie der m\u00e4nnlichen Fertilit\u00e4t &#8220;][\/vc_column][vc_column width=&#8221;1\/3&#8243;][tm_figure_box feature=&#8221;image&#8221; image=&#8221;2547&#8243; link=&#8221;url:https%3A%2F%2Fextur.by%2Fde%2Fmedizinischer-tourismus%2Fstomatologie%2F|title:Stomatologie||&#8221; heading=&#8221;Stomatologie&#8221; text=&#8221; Zahnimplantate Prothese Zahnheilkunde Pr\u00e4ventive Zahnheilkunde Oralchirurgie Radiodiagnostik Kiefer- und Gesichtschirurgie &#8220;][\/vc_column][vc_column width=&#8221;1\/3&#8243;][tm_figure_box feature=&#8221;image&#8221; heading=&#8221;Kardiologie&#8221; image=&#8221;2564&#8243; text=&#8221; Ultraschalldiagnostik Funktionsdiagnostik Rentgenoehndovaskuljarnaja Chirurgie Physiotherapie. Strom- und Lichttherapie. Herzchirurgie Endoskopische Untersuchungen &#8221; link=&#8221;url:%2Fru%2Fmedicinskij-turizm%2Fkardiologija%2F|||&#8221;][\/vc_column][\/vc_row][vc_row][vc_column width=&#8221;1\/3&#8243;][tm_figure_box feature=&#8221;image&#8221; image=&#8221;2568&#8243; heading=&#8221;Behandlung von Kindern&#8221; text=&#8221; Kinderchirurgie Kinderherzchirurgie &#8221; link=&#8221;url:https%3A%2F%2Fextur.by%2Fde%2Fmedizinischer-tourismus%2Fbehandlung-von-kindern%2F|title:Behandlung%20von%20Kindern||&#8221;][\/vc_column][vc_column width=&#8221;1\/3&#8243;][tm_figure_box feature=&#8221;image&#8221; image=&#8221;2574&#8243; heading=&#8221;Augenheilkunde&#8221; text=&#8221; Augenmikrochirurgie Komplexes Programm \u201eDiagnose der Sehkraft\u201c Phakoemulsifikation &#8221; link=&#8221;url:https%3A%2F%2Fextur.by%2Fde%2Fmedizinischer-tourismus%2Fophtalmologie%2F|title:Augenheilkunde||&#8221;][\/vc_column][vc_column width=&#8221;1\/3&#8243;][tm_figure_box feature=&#8221;image&#8221; image=&#8221;2578&#8243; heading=&#8221;Diagnostik&#8221; text=&#8221; Endoskopische diagnostische Studien MRI R\u00f6ntgencomputertomographie Ultraschalldiagnostik Mammologische Forschung Polysomnographie Funktionsdiagnostik CT-Untersuchung &#8221; link=&#8221;url:https%3A%2F%2Fextur.by%2Fde%2Fmedizinischer-tourismus%2Fdiagnostik%2F|title:Diagnostik||&#8221;][\/vc_column][\/vc_row][vc_row][vc_column][vc_empty_space][\/vc_column][\/vc_row][vc_row][vc_column][vc_column_text]Im diesen Moment hat unsere Website keine vollst\u00e4ndige Liste der belarussischen Kliniken, mit denen wir jetzt arbeiten. Deshalb k\u00f6nnen Sie mit uns per Telefon \u00a0+375 (29) 782-14-72\u00a0,\u00a0+375 (44) 574-14-72, \u00a0+375 (33) 351-87-72 375 (33) 351-87-72 oder E-Mail vitalina7373@rambler.ru verbinden, um \u00fcber unsere M\u00f6glichkeiten, die wir anbieten k\u00f6nnen, zu erfahren. Wir werden eine Klinik und sogar einen bestimmten Spezialisten, die Ihnen helfen, finden.[\/vc_column_text][\/vc_column][\/vc_row][vc_row][vc_column][tm_heading custom_google_font=&#8221;&#8221; align=&#8221;center&#8221; text=&#8221;Unsere Dienstleistungen&#8221; typed_list=&#8221;%5B%7B%7D%5D&#8221;][vc_empty_space][\/vc_column][\/vc_row][vc_row][vc_column width=&#8221;1\/4&#8243;][tm_box_icon feature=&#8221;image&#8221; align=&#8221;center&#8221; image=&#8221;2618&#8243; heading=&#8221;Konsultationen&#8221; text=&#8221;Konsultation mit der besten \u00c4rzte f\u00fchrende Kliniken von Belarus in Bezug auf das Programm und die Kosten der Behandlung&#8221;][\/vc_column][vc_column width=&#8221;1\/4&#8243;][tm_box_icon feature=&#8221;image&#8221; align=&#8221;center&#8221; image=&#8221;2623&#8243; heading=&#8221;Aufenthalt&#8221; text=&#8221;Auswahl der Varianten des Aufenthaltes&#8221;][\/vc_column][vc_column width=&#8221;1\/4&#8243;][tm_box_icon feature=&#8221;image&#8221; align=&#8221;center&#8221; image=&#8221;2629&#8243; heading=&#8221;Transfer&#8221; text=&#8221;Organisation des Transfers vom Flughafen (Bahnhof)&#8221;][\/vc_column][vc_column width=&#8221;1\/4&#8243;][tm_box_icon feature=&#8221;image&#8221; align=&#8221;center&#8221; image=&#8221;2626&#8243; heading=&#8221;Hilfe&#8221; text=&#8221;Dienstleistungen einer Begleitperson mit dem medizinischen Ausbildung mit der Kenntnissen der englischen und italienischen Sprache&#8221;][\/vc_column][\/vc_row]","protected":false},"author":1,"featured_media":0,"parent":0,"menu_order":0,"comment_status":"closed","ping_status":"closed","template":"","meta":[],"_links":{"self":[{"href":"https:\/\/www.extur.by\/de\/wp-json\/wp\/v2\/pages\/3211\/"}],"collection":[{"href":"https:\/\/www.extur.by\/de\/wp-json\/wp\/v2\/pages\/"}],"about":[{"href":"https:\/\/www.extur.by\/de\/wp-json\/wp\/v2\/types\/page\/"}],"author":[{"embeddable":true,"href":"https:\/\/www.extur.by\/de\/wp-json\/wp\/v2\/users\/1\/"}],"replies":[{"embeddable":true,"href":"https:\/\/www.extur.by\/de\/wp-json\/wp\/v2\/comments\/?post=3211"}],"version-history":[{"count":27,"href":"https:\/\/www.extur.by\/de\/wp-json\/wp\/v2\/pages\/3211\/revisions\/"}],"predecessor-version":[{"id":3851,"href":"https:\/\/www.extur.by\/de\/wp-json\/wp\/v2\/pages\/3211\/revisions\/3851\/"}],"wp:attachment":[{"href":"https:\/\/www.extur.by\/de\/wp-json\/wp\/v2\/media\/?parent=3211"}],"curies":[{"name":"wp","href":"https:\/\/api.w.org\/{rel}","templated":true}]}}